{"id":33344,"date":"2021-01-31T15:24:27","date_gmt":"2021-01-31T13:24:27","guid":{"rendered":"https:\/\/e-report.pl\/about-the-firm-2\/"},"modified":"2025-08-05T16:48:56","modified_gmt":"2025-08-05T13:48:56","slug":"about-the-firm","status":"publish","type":"page","link":"https:\/\/e-report.pl\/pl\/about-the-firm\/","title":{"rendered":"O firmie"},"content":{"rendered":"<p>KSI\u0118GOWO\u015a\u0106<strong> E-REPORT<\/strong> to biuro ksi\u0119gowe, kt\u00f3re zapewnia niezawodne, zautomatyzowane prowadzenie ksi\u0119gowej i podatkowej ewidencji.<\/p>\n<p>Biuro ksi\u0119gowe E-REPORT \u015bwiadczy us\u0142ugi ksi\u0119gowe dla klient\u00f3w w Polsce i na Ukrainie.<\/p>\n<p>Zesp\u00f3\u0142 profesjonalist\u00f3w gwarantuje wysok\u0105 jako\u015b\u0107 \u015bwiadczonych us\u0142ug nie tylko z doskona\u0142\u0105 reputacj\u0105, ale tak\u017ce wieloletnim do\u015bwiadczeniem na rynku mi\u0119dzynarodowym.<\/p>\n<p>Koncentruj\u0105c si\u0119 na przepisach i standardach Polski i Ukrainy, eksperci zapewniaj\u0105 pe\u0142ny pakiet us\u0142ug ksi\u0119gowych oraz us\u0142ugi w zakresie doradztwa podatkowego.<\/p>\n<p>&nbsp;<\/p>\n","protected":false},"excerpt":{"rendered":"<p>KSI\u0118GOWO\u015a\u0106 E-REPORT to biuro ksi\u0119gowe, kt\u00f3re zapewnia niezawodne, zautomatyzowane prowadzenie ksi\u0119gowej i podatkowej ewidencji. Biuro ksi\u0119gowe E-REPORT \u015bwiadczy us\u0142ugi ksi\u0119gowe dla klient\u00f3w w Polsce i na Ukrainie. Zesp\u00f3\u0142 profesjonalist\u00f3w gwarantuje wysok\u0105 jako\u015b\u0107 \u015bwiadczonych us\u0142ug nie tylko z doskona\u0142\u0105 reputacj\u0105, ale tak\u017ce wieloletnim do\u015bwiadczeniem na rynku mi\u0119dzynarodowym. Koncentruj\u0105c si\u0119 na przepisach i standardach Polski i Ukrainy, [:]<\/p>\n","protected":false},"author":1,"featured_media":0,"parent":0,"menu_order":0,"comment_status":"closed","ping_status":"closed","template":"","meta":[],"yoast_head":"<!-- This site is optimized with the Yoast SEO plugin v16.6 - https:\/\/yoast.com\/wordpress\/plugins\/seo\/ -->\n<title>O firmie - E-report<\/title>\n<meta name=\"robots\" content=\"index, follow, max-snippet:-1, max-image-preview:large, max-video-preview:-1\" \/>\n<link rel=\"canonical\" href=\"\/\" \/>\n<meta property=\"og:locale\" content=\"pl_PL\" \/>\n<meta property=\"og:type\" content=\"article\" \/>\n<meta property=\"og:title\" content=\"O firmie - E-report\" \/>\n<meta property=\"og:description\" content=\"KSI\u0118GOWO\u015a\u0106 E-REPORT to biuro ksi\u0119gowe, kt\u00f3re zapewnia niezawodne, zautomatyzowane prowadzenie ksi\u0119gowej i podatkowej ewidencji. Biuro ksi\u0119gowe E-REPORT \u015bwiadczy us\u0142ugi ksi\u0119gowe dla klient\u00f3w w Polsce i na Ukrainie. Zesp\u00f3\u0142 profesjonalist\u00f3w gwarantuje wysok\u0105 jako\u015b\u0107 \u015bwiadczonych us\u0142ug nie tylko z doskona\u0142\u0105 reputacj\u0105, ale tak\u017ce wieloletnim do\u015bwiadczeniem na rynku mi\u0119dzynarodowym. Koncentruj\u0105c si\u0119 na przepisach i standardach Polski i Ukrainy, [:]\" \/>\n<meta property=\"og:site_name\" content=\"E-report\" \/>\n<meta property=\"article:modified_time\" content=\"2025-08-05T13:48:56+00:00\" \/>\n<meta name=\"twitter:card\" content=\"summary_large_image\" \/>\n<meta name=\"twitter:label1\" content=\"Szacowany czas czytania\" \/>\n\t<meta name=\"twitter:data1\" content=\"1 minuta\" \/>\n<script type=\"application\/ld+json\" class=\"yoast-schema-graph\">{\"@context\":\"https:\/\/schema.org\",\"@graph\":[{\"@type\":\"WebSite\",\"@id\":\"https:\/\/e-report.pl\/#website\",\"url\":\"https:\/\/e-report.pl\/\",\"name\":\"E-report\",\"description\":\"\",\"potentialAction\":[{\"@type\":\"SearchAction\",\"target\":{\"@type\":\"EntryPoint\",\"urlTemplate\":\"https:\/\/e-report.pl\/?s={search_term_string}\"},\"query-input\":\"required name=search_term_string\"}],\"inLanguage\":\"pl-PL\"},{\"@type\":\"WebPage\",\"@id\":\"#webpage\",\"url\":null,\"name\":\"O firmie - E-report\",\"isPartOf\":{\"@id\":\"https:\/\/e-report.pl\/#website\"},\"datePublished\":\"2021-01-31T13:24:27+00:00\",\"dateModified\":\"2025-08-05T13:48:56+00:00\",\"breadcrumb\":{\"@id\":\"#breadcrumb\"},\"inLanguage\":\"pl-PL\",\"potentialAction\":[{\"@type\":\"ReadAction\",\"target\":[null]}]},{\"@type\":\"BreadcrumbList\",\"@id\":\"#breadcrumb\",\"itemListElement\":[{\"@type\":\"ListItem\",\"position\":1,\"name\":\"Home\",\"item\":\"https:\/\/e-report.pl\/pl\/\"},{\"@type\":\"ListItem\",\"position\":2,\"name\":\"O firmie\"}]}]}<\/script>\n<!-- \/ Yoast SEO plugin. -->","_links":{"self":[{"href":"https:\/\/e-report.pl\/pl\/wp-json\/wp\/v2\/pages\/33344"}],"collection":[{"href":"https:\/\/e-report.pl\/pl\/wp-json\/wp\/v2\/pages"}],"about":[{"href":"https:\/\/e-report.pl\/pl\/wp-json\/wp\/v2\/types\/page"}],"author":[{"embeddable":true,"href":"https:\/\/e-report.pl\/pl\/wp-json\/wp\/v2\/users\/1"}],"replies":[{"embeddable":true,"href":"https:\/\/e-report.pl\/pl\/wp-json\/wp\/v2\/comments?post=33344"}],"version-history":[{"count":6,"href":"https:\/\/e-report.pl\/pl\/wp-json\/wp\/v2\/pages\/33344\/revisions"}],"predecessor-version":[{"id":33731,"href":"https:\/\/e-report.pl\/pl\/wp-json\/wp\/v2\/pages\/33344\/revisions\/33731"}],"wp:attachment":[{"href":"https:\/\/e-report.pl\/pl\/wp-json\/wp\/v2\/media?parent=33344"}],"curies":[{"name":"wp","href":"https:\/\/api.w.org\/{rel}","templated":true}]}}