{"id":22414,"date":"2021-01-31T15:25:21","date_gmt":"2021-01-31T13:25:21","guid":{"rendered":"https:\/\/e-report.pl\/career\/"},"modified":"2021-11-01T17:25:39","modified_gmt":"2021-11-01T15:25:39","slug":"career","status":"publish","type":"page","link":"https:\/\/e-report.pl\/pl\/career\/","title":{"rendered":"Kariera"},"content":{"rendered":"<p><strong style=\"font-size: 1.25rem;\">Zapraszamy do do\u0142\u0105czenia do naszego zespo\u0142u! <\/strong><\/p>\n","protected":false},"excerpt":{"rendered":"<p>Zapraszamy do do\u0142\u0105czenia do naszego zespo\u0142u!<\/p>\n","protected":false},"author":1,"featured_media":0,"parent":0,"menu_order":0,"comment_status":"closed","ping_status":"closed","template":"","meta":[],"yoast_head":"<!-- This site is optimized with the Yoast SEO plugin v16.6 - https:\/\/yoast.com\/wordpress\/plugins\/seo\/ -->\n<title>Kariera - E-report<\/title>\n<meta name=\"robots\" content=\"index, follow, max-snippet:-1, max-image-preview:large, max-video-preview:-1\" \/>\n<link rel=\"canonical\" href=\"\/\" \/>\n<meta property=\"og:locale\" content=\"pl_PL\" \/>\n<meta property=\"og:type\" content=\"article\" \/>\n<meta property=\"og:title\" content=\"Kariera - E-report\" \/>\n<meta property=\"og:description\" content=\"Zapraszamy do do\u0142\u0105czenia do naszego zespo\u0142u!\" \/>\n<meta property=\"og:site_name\" content=\"E-report\" \/>\n<meta property=\"article:modified_time\" content=\"2021-11-01T15:25:39+00:00\" \/>\n<meta name=\"twitter:card\" content=\"summary_large_image\" \/>\n<script type=\"application\/ld+json\" class=\"yoast-schema-graph\">{\"@context\":\"https:\/\/schema.org\",\"@graph\":[{\"@type\":\"WebSite\",\"@id\":\"https:\/\/e-report.pl\/#website\",\"url\":\"https:\/\/e-report.pl\/\",\"name\":\"E-report\",\"description\":\"\",\"potentialAction\":[{\"@type\":\"SearchAction\",\"target\":{\"@type\":\"EntryPoint\",\"urlTemplate\":\"https:\/\/e-report.pl\/?s={search_term_string}\"},\"query-input\":\"required name=search_term_string\"}],\"inLanguage\":\"pl-PL\"},{\"@type\":\"WebPage\",\"@id\":\"#webpage\",\"url\":null,\"name\":\"Kariera - E-report\",\"isPartOf\":{\"@id\":\"https:\/\/e-report.pl\/#website\"},\"datePublished\":\"2021-01-31T13:25:21+00:00\",\"dateModified\":\"2021-11-01T15:25:39+00:00\",\"breadcrumb\":{\"@id\":\"#breadcrumb\"},\"inLanguage\":\"pl-PL\",\"potentialAction\":[{\"@type\":\"ReadAction\",\"target\":[null]}]},{\"@type\":\"BreadcrumbList\",\"@id\":\"#breadcrumb\",\"itemListElement\":[{\"@type\":\"ListItem\",\"position\":1,\"name\":\"Home\",\"item\":\"https:\/\/e-report.pl\/pl\/\"},{\"@type\":\"ListItem\",\"position\":2,\"name\":\"Kariera\"}]}]}<\/script>\n<!-- \/ Yoast SEO plugin. -->","_links":{"self":[{"href":"https:\/\/e-report.pl\/pl\/wp-json\/wp\/v2\/pages\/22414"}],"collection":[{"href":"https:\/\/e-report.pl\/pl\/wp-json\/wp\/v2\/pages"}],"about":[{"href":"https:\/\/e-report.pl\/pl\/wp-json\/wp\/v2\/types\/page"}],"author":[{"embeddable":true,"href":"https:\/\/e-report.pl\/pl\/wp-json\/wp\/v2\/users\/1"}],"replies":[{"embeddable":true,"href":"https:\/\/e-report.pl\/pl\/wp-json\/wp\/v2\/comments?post=22414"}],"version-history":[{"count":10,"href":"https:\/\/e-report.pl\/pl\/wp-json\/wp\/v2\/pages\/22414\/revisions"}],"predecessor-version":[{"id":33468,"href":"https:\/\/e-report.pl\/pl\/wp-json\/wp\/v2\/pages\/22414\/revisions\/33468"}],"wp:attachment":[{"href":"https:\/\/e-report.pl\/pl\/wp-json\/wp\/v2\/media?parent=22414"}],"curies":[{"name":"wp","href":"https:\/\/api.w.org\/{rel}","templated":true}]}}